{"id":403,"date":"2018-05-10T09:44:31","date_gmt":"2018-05-10T07:44:31","guid":{"rendered":"http:\/\/www.3skonzerte.at\/wp\/?page_id=403"},"modified":"2018-05-10T09:44:31","modified_gmt":"2018-05-10T07:44:31","slug":"verteiler-bestellen","status":"publish","type":"page","link":"https:\/\/www.3skonzerte.at\/wp\/verteiler-bestellen\/","title":{"rendered":"Verteiler bestellen"},"content":{"rendered":"<h5>Verteiler<\/h5>\n<p>Wenn Sie Interesse an unseren Konzerten haben, so finden Sie hier die M\u00f6glichkeit in unseren Verteiler aufgenommen zu werden, um Einladungen und Konzertvorschauen v\u00f6llig unverbindlich und kostenlos zugesendet zu erhalten.<\/p>\n<p>Gem\u00e4\u00df der neuen Datenschutz-Grundverordnung DSGVO k\u00f6nnen Sie jederzeit Ihr Einverst\u00e4ndnis zur\u00fcckziehen und die L\u00f6schung Ihrer Daten verlangen.<\/p>\n<div class=\"wpforms-container wpforms-container-full\" id=\"wpforms-402\"><form id=\"wpforms-form-402\" class=\"wpforms-validate wpforms-form\" data-formid=\"402\" method=\"post\" enctype=\"multipart\/form-data\" action=\"\/wp\/wp-json\/wp\/v2\/pages\/403\" data-token=\"cb4d15357429f3a26a144f9e4109f395\" data-token-time=\"1777541674\"><noscript class=\"wpforms-error-noscript\">Bitte aktiviere JavaScript in deinem Browser, um dieses Formular fertigzustellen.<\/noscript><div class=\"wpforms-field-container\"><div id=\"wpforms-402-field_0-container\" class=\"wpforms-field wpforms-field-name\" data-field-id=\"0\"><label class=\"wpforms-field-label\" for=\"wpforms-402-field_0\">Name <span class=\"wpforms-required-label\">*<\/span><\/label><input type=\"text\" id=\"wpforms-402-field_0\" class=\"wpforms-field-medium wpforms-field-required\" name=\"wpforms[fields][0]\" required><\/div><div id=\"wpforms-402-field_2-container\" class=\"wpforms-field wpforms-field-text\" data-field-id=\"2\"><label class=\"wpforms-field-label\" for=\"wpforms-402-field_2\">Adresse <span class=\"wpforms-required-label\">*<\/span><\/label><input type=\"text\" id=\"wpforms-402-field_2\" class=\"wpforms-field-medium wpforms-field-required\" name=\"wpforms[fields][2]\" required><\/div><div id=\"wpforms-402-field_1-container\" class=\"wpforms-field wpforms-field-email\" data-field-id=\"1\"><label class=\"wpforms-field-label\" for=\"wpforms-402-field_1\">E-Mail-Adresse <span class=\"wpforms-required-label\">*<\/span><\/label><input type=\"email\" id=\"wpforms-402-field_1\" class=\"wpforms-field-medium wpforms-field-required\" name=\"wpforms[fields][1]\" spellcheck=\"false\" required><\/div><div id=\"wpforms-402-field_3-container\" class=\"wpforms-field wpforms-field-text\" data-field-id=\"3\"><label class=\"wpforms-field-label\" for=\"wpforms-402-field_3\">Telefon<\/label><input type=\"text\" id=\"wpforms-402-field_3\" class=\"wpforms-field-medium\" name=\"wpforms[fields][3]\" ><\/div><div id=\"wpforms-402-field_4-container\" class=\"wpforms-field wpforms-field-checkbox\" data-field-id=\"4\"><label class=\"wpforms-field-label\">Checkboxen<\/label><ul id=\"wpforms-402-field_4\"><li class=\"choice-1 depth-1 wpforms-selected\"><input type=\"checkbox\" id=\"wpforms-402-field_4_1\" name=\"wpforms[fields][4][]\" value=\"Zusendung per EMail\"   checked='checked'><label class=\"wpforms-field-label-inline\" for=\"wpforms-402-field_4_1\">Zusendung per EMail<\/label><\/li><li class=\"choice-2 depth-1\"><input type=\"checkbox\" id=\"wpforms-402-field_4_2\" name=\"wpforms[fields][4][]\" value=\"Zusendung per Post\"  ><label class=\"wpforms-field-label-inline\" for=\"wpforms-402-field_4_2\">Zusendung per Post<\/label><\/li><li class=\"choice-3 depth-1\"><input type=\"checkbox\" id=\"wpforms-402-field_4_3\" name=\"wpforms[fields][4][]\" value=\"bitte nicht mehr senden, meine Daten L\u00f6schen\"  ><label class=\"wpforms-field-label-inline\" for=\"wpforms-402-field_4_3\">bitte nicht mehr senden, meine Daten L\u00f6schen<\/label><\/li><\/ul><div class=\"wpforms-field-description\">Bitte w\u00e4hlen die die gew\u00fcnscht Versandart<\/div><\/div><div id=\"wpforms-402-field_6-container\" class=\"wpforms-field wpforms-field-text\" data-field-id=\"6\"><label class=\"wpforms-field-label\" for=\"wpforms-402-field_6\">Anmerkungen<\/label><input type=\"text\" id=\"wpforms-402-field_6\" class=\"wpforms-field-medium\" name=\"wpforms[fields][6]\" ><\/div><div id=\"wpforms-402-field_8-container\" class=\"wpforms-field wpforms-field-checkbox\" data-field-id=\"8\"><label class=\"wpforms-field-label\">Checkboxen<\/label><ul id=\"wpforms-402-field_8\"><li class=\"choice-1 depth-1\"><input type=\"checkbox\" id=\"wpforms-402-field_8_1\" name=\"wpforms[fields][8][]\" value=\"Ich bin mit der Speicherung meiner Daten einverstanden\"  ><label class=\"wpforms-field-label-inline\" for=\"wpforms-402-field_8_1\">Ich bin mit der Speicherung meiner Daten einverstanden<\/label><\/li><\/ul><div class=\"wpforms-field-description\">Ihre Daten werden gespeichert, Sie k\u00f6nnen jederzeit die L\u00f6schung veranlassen, indem Sie oben \"nicht mehr senden, Daten L\u00f6schen\" anhaken.<\/div><\/div><\/div><!-- .wpforms-field-container --><div class=\"wpforms-field wpforms-field-hp\"><label for=\"wpforms-402-field-hp\" class=\"wpforms-field-label\">Comment<\/label><input type=\"text\" name=\"wpforms[hp]\" id=\"wpforms-402-field-hp\" class=\"wpforms-field-medium\"><\/div><div class=\"wpforms-submit-container\" ><input type=\"hidden\" name=\"wpforms[id]\" value=\"402\"><input type=\"hidden\" name=\"page_title\" value=\"\"><input type=\"hidden\" name=\"page_url\" value=\"https:\/\/www.3skonzerte.at\/wp\/wp-json\/wp\/v2\/pages\/403\"><input type=\"hidden\" name=\"url_referer\" value=\"\"><button type=\"submit\" name=\"wpforms[submit]\" id=\"wpforms-submit-402\" class=\"wpforms-submit\" data-alt-text=\"Sende...\" data-submit-text=\"Senden\" aria-live=\"assertive\" value=\"wpforms-submit\">Senden<\/button><\/div><\/form><\/div>  <!-- .wpforms-container -->\n","protected":false},"excerpt":{"rendered":"<p>Verteiler Wenn Sie Interesse an unseren Konzerten haben, so finden Sie hier die M\u00f6glichkeit in unseren Verteiler aufgenommen zu werden, um Einladungen und Konzertvorschauen v\u00f6llig unverbindlich und kostenlos zugesendet zu erhalten. Gem\u00e4\u00df der neuen Datenschutz-Grundverordnung DSGVO k\u00f6nnen Sie jederzeit Ihr Einverst\u00e4ndnis zur\u00fcckziehen und die L\u00f6schung Ihrer Daten verlangen.<\/p>\n","protected":false},"author":1,"featured_media":0,"parent":0,"menu_order":0,"comment_status":"closed","ping_status":"closed","template":"","meta":{"h5ap_radio_sources":[],"footnotes":""},"class_list":["post-403","page","type-page","status-publish","hentry"],"_links":{"self":[{"href":"https:\/\/www.3skonzerte.at\/wp\/wp-json\/wp\/v2\/pages\/403","targetHints":{"allow":["GET"]}}],"collection":[{"href":"https:\/\/www.3skonzerte.at\/wp\/wp-json\/wp\/v2\/pages"}],"about":[{"href":"https:\/\/www.3skonzerte.at\/wp\/wp-json\/wp\/v2\/types\/page"}],"author":[{"embeddable":true,"href":"https:\/\/www.3skonzerte.at\/wp\/wp-json\/wp\/v2\/users\/1"}],"replies":[{"embeddable":true,"href":"https:\/\/www.3skonzerte.at\/wp\/wp-json\/wp\/v2\/comments?post=403"}],"version-history":[{"count":2,"href":"https:\/\/www.3skonzerte.at\/wp\/wp-json\/wp\/v2\/pages\/403\/revisions"}],"predecessor-version":[{"id":405,"href":"https:\/\/www.3skonzerte.at\/wp\/wp-json\/wp\/v2\/pages\/403\/revisions\/405"}],"wp:attachment":[{"href":"https:\/\/www.3skonzerte.at\/wp\/wp-json\/wp\/v2\/media?parent=403"}],"curies":[{"name":"wp","href":"https:\/\/api.w.org\/{rel}","templated":true}]}}